{"id":19113,"date":"2021-07-02T10:46:54","date_gmt":"2021-07-02T10:46:54","guid":{"rendered":"https:\/\/esp.wpresidence.net\/?page_id=19113"},"modified":"2023-01-02T16:52:29","modified_gmt":"2023-01-02T16:52:29","slug":"la-empresa","status":"publish","type":"page","link":"https:\/\/permutasdf.com\/index.php\/la-empresa\/","title":{"rendered":"La empresa"},"content":{"rendered":"\t\t<div data-elementor-type=\"wp-page\" data-elementor-id=\"19113\" class=\"elementor elementor-19113\">\n\t\t\t\t\t\t<section class=\"elementor-section elementor-top-section elementor-element elementor-element-4ca55a9 elementor-section-boxed elementor-section-height-default elementor-section-height-default\" data-id=\"4ca55a9\" data-element_type=\"section\" data-e-type=\"section\">\n\t\t\t\t\t\t<div class=\"elementor-container elementor-column-gap-default\">\n\t\t\t\t\t<div class=\"elementor-column elementor-col-100 elementor-top-column elementor-element elementor-element-ed884de\" data-id=\"ed884de\" data-element_type=\"column\" data-e-type=\"column\">\n\t\t\t<div class=\"elementor-widget-wrap\">\n\t\t\t\t\t\t\t<\/div>\n\t\t<\/div>\n\t\t\t\t\t<\/div>\n\t\t<\/section>\n\t\t\t\t<section class=\"elementor-section elementor-top-section elementor-element elementor-element-1f02649 elementor-section-height-min-height elementor-section-items-stretch elementor-section-stretched elementor-section-boxed elementor-section-height-default\" data-id=\"1f02649\" data-element_type=\"section\" data-e-type=\"section\" data-settings=\"{&quot;stretch_section&quot;:&quot;section-stretched&quot;,&quot;background_background&quot;:&quot;classic&quot;}\">\n\t\t\t\t\t\t\t<div class=\"elementor-background-overlay\"><\/div>\n\t\t\t\t\t\t\t<div class=\"elementor-container elementor-column-gap-default\">\n\t\t\t\t\t<div class=\"elementor-column elementor-col-100 elementor-top-column elementor-element elementor-element-987ff27\" data-id=\"987ff27\" data-element_type=\"column\" data-e-type=\"column\">\n\t\t\t<div class=\"elementor-widget-wrap elementor-element-populated\">\n\t\t\t\t\t\t<section class=\"elementor-section elementor-inner-section elementor-element elementor-element-040d310 elementor-section-height-min-height elementor-section-boxed elementor-section-height-default\" data-id=\"040d310\" data-element_type=\"section\" data-e-type=\"section\">\n\t\t\t\t\t\t<div class=\"elementor-container elementor-column-gap-default\">\n\t\t\t\t\t<div class=\"elementor-column elementor-col-50 elementor-inner-column elementor-element elementor-element-b28cae5\" data-id=\"b28cae5\" data-element_type=\"column\" data-e-type=\"column\">\n\t\t\t<div class=\"elementor-widget-wrap elementor-element-populated\">\n\t\t\t\t\t\t<div class=\"elementor-element elementor-element-12c4db4 elementor-widget elementor-widget-heading\" data-id=\"12c4db4\" data-element_type=\"widget\" data-e-type=\"widget\" data-widget_type=\"heading.default\">\n\t\t\t\t<div class=\"elementor-widget-container\">\n\t\t\t\t\t<h2 class=\"elementor-heading-title elementor-size-default\">\u00bfQui\u00e9nes somos?<\/h2>\t\t\t\t<\/div>\n\t\t\t\t<\/div>\n\t\t\t\t<div class=\"elementor-element elementor-element-00254f4 elementor-widget elementor-widget-text-editor\" data-id=\"00254f4\" data-element_type=\"widget\" data-e-type=\"widget\" data-widget_type=\"text-editor.default\">\n\t\t\t\t<div class=\"elementor-widget-container\">\n\t\t\t\t\t\t\t\t\t<p>Nacemos con la vocaci\u00f3n de aportar valor a nuestros clientes con un servicio personalizado de m\u00e1xima calidad, \u00a0con la finalidad de ayudar en una de las operaciones m\u00e1s importantes en la vida de una persona: la compra o venta de su casa.<\/p><p>Nos comprometemos a cuidar el patrimonio de nuestros clientes, a trabajar con profesionalidad, \u00e9tica y transparencia, y a aportar la confianza necesaria para poder transmitir su hogar de forma tranquila y segura.<\/p>\t\t\t\t\t\t\t\t<\/div>\n\t\t\t\t<\/div>\n\t\t\t\t\t<\/div>\n\t\t<\/div>\n\t\t\t\t<div class=\"elementor-column elementor-col-50 elementor-inner-column elementor-element elementor-element-cd2bdfb\" data-id=\"cd2bdfb\" data-element_type=\"column\" data-e-type=\"column\" data-settings=\"{&quot;background_background&quot;:&quot;slideshow&quot;,&quot;background_slideshow_gallery&quot;:[{&quot;id&quot;:19289,&quot;url&quot;:&quot;http:\\\/\\\/permutasdf.com\\\/wp-content\\\/uploads\\\/2022\\\/12\\\/Sin-titulo-800-\\u00d7-1200-px.jpg&quot;},{&quot;id&quot;:19292,&quot;url&quot;:&quot;http:\\\/\\\/permutasdf.com\\\/wp-content\\\/uploads\\\/2022\\\/12\\\/Sin-titulo-1929-\\u00d7-1237-px-1.jpg&quot;},{&quot;id&quot;:19436,&quot;url&quot;:&quot;http:\\\/\\\/permutasdf.com\\\/wp-content\\\/uploads\\\/2023\\\/01\\\/Diseno-sin-titulo-6.jpg&quot;},{&quot;id&quot;:19397,&quot;url&quot;:&quot;http:\\\/\\\/permutasdf.com\\\/wp-content\\\/uploads\\\/2022\\\/12\\\/Tortugaspinamar3.jpg&quot;}],&quot;background_slideshow_ken_burns&quot;:&quot;yes&quot;,&quot;background_slideshow_loop&quot;:&quot;yes&quot;,&quot;background_slideshow_slide_duration&quot;:5000,&quot;background_slideshow_slide_transition&quot;:&quot;fade&quot;,&quot;background_slideshow_transition_duration&quot;:500,&quot;background_slideshow_ken_burns_zoom_direction&quot;:&quot;in&quot;}\">\n\t\t\t<div class=\"elementor-widget-wrap\">\n\t\t\t\t\t\t\t<\/div>\n\t\t<\/div>\n\t\t\t\t\t<\/div>\n\t\t<\/section>\n\t\t\t\t\t<\/div>\n\t\t<\/div>\n\t\t\t\t\t<\/div>\n\t\t<\/section>\n\t\t\t\t<section class=\"elementor-section elementor-top-section elementor-element elementor-element-55b1f12c elementor-section-stretched elementor-section-boxed elementor-section-height-default elementor-section-height-default\" data-id=\"55b1f12c\" data-element_type=\"section\" data-e-type=\"section\" data-settings=\"{&quot;stretch_section&quot;:&quot;section-stretched&quot;,&quot;background_background&quot;:&quot;classic&quot;}\">\n\t\t\t\t\t\t<div class=\"elementor-container elementor-column-gap-default\">\n\t\t\t\t\t<div class=\"elementor-column elementor-col-100 elementor-top-column elementor-element elementor-element-28d49f40\" data-id=\"28d49f40\" data-element_type=\"column\" data-e-type=\"column\">\n\t\t\t<div class=\"elementor-widget-wrap elementor-element-populated\">\n\t\t\t\t\t\t<section class=\"elementor-section elementor-inner-section elementor-element elementor-element-f89ddf9 elementor-section-boxed elementor-section-height-default elementor-section-height-default\" data-id=\"f89ddf9\" data-element_type=\"section\" data-e-type=\"section\">\n\t\t\t\t\t\t<div class=\"elementor-container elementor-column-gap-default\">\n\t\t\t\t\t<div class=\"elementor-column elementor-col-100 elementor-inner-column elementor-element elementor-element-541a6de1\" data-id=\"541a6de1\" data-element_type=\"column\" data-e-type=\"column\">\n\t\t\t<div class=\"elementor-widget-wrap elementor-element-populated\">\n\t\t\t\t\t\t<div class=\"elementor-element elementor-element-19dcbeef elementor-invisible elementor-widget elementor-widget-heading\" data-id=\"19dcbeef\" data-element_type=\"widget\" data-e-type=\"widget\" data-settings=\"{&quot;_animation&quot;:&quot;fadeIn&quot;,&quot;_animation_delay&quot;:200}\" data-widget_type=\"heading.default\">\n\t\t\t\t<div class=\"elementor-widget-container\">\n\t\t\t\t\t<h2 class=\"elementor-heading-title elementor-size-default\">Empresa y Servicios<\/h2>\t\t\t\t<\/div>\n\t\t\t\t<\/div>\n\t\t\t\t\t<\/div>\n\t\t<\/div>\n\t\t\t\t\t<\/div>\n\t\t<\/section>\n\t\t\t\t<section class=\"elementor-section elementor-inner-section elementor-element elementor-element-118f60ef elementor-section-boxed elementor-section-height-default elementor-section-height-default\" data-id=\"118f60ef\" data-element_type=\"section\" data-e-type=\"section\">\n\t\t\t\t\t\t<div class=\"elementor-container elementor-column-gap-default\">\n\t\t\t\t\t<div class=\"elementor-column elementor-col-33 elementor-inner-column elementor-element elementor-element-317e9f6\" data-id=\"317e9f6\" data-element_type=\"column\" data-e-type=\"column\">\n\t\t\t<div class=\"elementor-widget-wrap\">\n\t\t\t\t\t\t\t<\/div>\n\t\t<\/div>\n\t\t\t\t<div class=\"elementor-column elementor-col-33 elementor-inner-column elementor-element elementor-element-89158f5\" data-id=\"89158f5\" data-element_type=\"column\" data-e-type=\"column\">\n\t\t\t<div class=\"elementor-widget-wrap elementor-element-populated\">\n\t\t\t\t\t\t<div class=\"elementor-element elementor-element-4ecc2f90 elementor-invisible elementor-widget elementor-widget-heading\" data-id=\"4ecc2f90\" data-element_type=\"widget\" data-e-type=\"widget\" data-settings=\"{&quot;_animation&quot;:&quot;fadeIn&quot;,&quot;_animation_delay&quot;:200}\" data-widget_type=\"heading.default\">\n\t\t\t\t<div class=\"elementor-widget-container\">\n\t\t\t\t\t<h2 class=\"elementor-heading-title elementor-size-default\">Inmobiliaria Di Francesco lleva m\u00e1s de 32 a\u00f1os siendo parte del paisaje de Pinamar, marcando tendencias en el mercado inmobiliario con una mirada empresarial joven e innovadora. Una inmobiliaria moderna enfocada en el servicio al cliente. Asistimos profesionalmente en la compra y venta de propiedades seg\u00fan su necesidad espec\u00edfica; y te acercamos constantemente las mejores opciones de inversi\u00f3n en emprendimientos inmobiliarios de gran nivel.\nEl Espacio Di Francesco, nuestras oficinas de m\u00e1s de 500 metros cuadrados en el centro de la ciudad de Pinamar y Caril\u00f3, es la consecuencia directa de m\u00e1s de 32 a\u00f1os de trabajo con un constante compromiso con la ciudad y su gente, fomentando todo tipo de acciones culturales, art\u00edsticas y comunitarias, para construir una ciudad distinta.<\/h2>\t\t\t\t<\/div>\n\t\t\t\t<\/div>\n\t\t\t\t\t<\/div>\n\t\t<\/div>\n\t\t\t\t<div class=\"elementor-column elementor-col-33 elementor-inner-column elementor-element elementor-element-5541d4fa\" data-id=\"5541d4fa\" data-element_type=\"column\" data-e-type=\"column\">\n\t\t\t<div class=\"elementor-widget-wrap\">\n\t\t\t\t\t\t\t<\/div>\n\t\t<\/div>\n\t\t\t\t\t<\/div>\n\t\t<\/section>\n\t\t\t\t<section class=\"elementor-section elementor-inner-section elementor-element elementor-element-3366afbe elementor-reverse-tablet elementor-reverse-mobile elementor-section-boxed elementor-section-height-default elementor-section-height-default\" data-id=\"3366afbe\" data-element_type=\"section\" data-e-type=\"section\">\n\t\t\t\t\t\t<div class=\"elementor-container elementor-column-gap-default\">\n\t\t\t\t\t<div class=\"elementor-column elementor-col-50 elementor-inner-column elementor-element elementor-element-3025c3f1\" data-id=\"3025c3f1\" data-element_type=\"column\" data-e-type=\"column\">\n\t\t\t<div class=\"elementor-widget-wrap elementor-element-populated\">\n\t\t\t\t\t\t<div class=\"elementor-element elementor-element-568aa574 elementor-invisible elementor-widget elementor-widget-heading\" data-id=\"568aa574\" data-element_type=\"widget\" data-e-type=\"widget\" data-settings=\"{&quot;_animation&quot;:&quot;fadeIn&quot;,&quot;_animation_delay&quot;:200}\" data-widget_type=\"heading.default\">\n\t\t\t\t<div class=\"elementor-widget-container\">\n\t\t\t\t\t<h3 class=\"elementor-heading-title elementor-size-default\">Misi\u00f3n <\/h3>\t\t\t\t<\/div>\n\t\t\t\t<\/div>\n\t\t\t\t<div class=\"elementor-element elementor-element-2bfff59c elementor-invisible elementor-widget elementor-widget-text-editor\" data-id=\"2bfff59c\" data-element_type=\"widget\" data-e-type=\"widget\" data-settings=\"{&quot;_animation&quot;:&quot;fadeIn&quot;,&quot;_animation_delay&quot;:200}\" data-widget_type=\"text-editor.default\">\n\t\t\t\t<div class=\"elementor-widget-container\">\n\t\t\t\t\t\t\t\t\t<p>Brindar un servicio profesional y responsable de intermediaci\u00f3n en la compra, venta y alquiler de inmuebles, buscando satisfacer al cliente atendiendo, comprendiendo y trabajando sobre sus necesidades inmobiliarias espec\u00edficas, y aportando valor a los inversores en bienes ra\u00edces.<\/p><p>\u00a0<\/p>\t\t\t\t\t\t\t\t<\/div>\n\t\t\t\t<\/div>\n\t\t\t\t<div class=\"elementor-element elementor-element-2a5852e1 elementor-widget elementor-widget-spacer\" data-id=\"2a5852e1\" data-element_type=\"widget\" data-e-type=\"widget\" data-widget_type=\"spacer.default\">\n\t\t\t\t<div class=\"elementor-widget-container\">\n\t\t\t\t\t\t\t<div class=\"elementor-spacer\">\n\t\t\t<div class=\"elementor-spacer-inner\"><\/div>\n\t\t<\/div>\n\t\t\t\t\t\t<\/div>\n\t\t\t\t<\/div>\n\t\t\t\t<div class=\"elementor-element elementor-element-3f7624b2 elementor-invisible elementor-widget elementor-widget-heading\" data-id=\"3f7624b2\" data-element_type=\"widget\" data-e-type=\"widget\" data-settings=\"{&quot;_animation&quot;:&quot;fadeIn&quot;,&quot;_animation_delay&quot;:200}\" data-widget_type=\"heading.default\">\n\t\t\t\t<div class=\"elementor-widget-container\">\n\t\t\t\t\t<h3 class=\"elementor-heading-title elementor-size-default\">Visi\u00f3n<\/h3>\t\t\t\t<\/div>\n\t\t\t\t<\/div>\n\t\t\t\t<div class=\"elementor-element elementor-element-1a42614e elementor-invisible elementor-widget elementor-widget-text-editor\" data-id=\"1a42614e\" data-element_type=\"widget\" data-e-type=\"widget\" data-settings=\"{&quot;_animation&quot;:&quot;fadeIn&quot;,&quot;_animation_delay&quot;:200}\" data-widget_type=\"text-editor.default\">\n\t\t\t\t<div class=\"elementor-widget-container\">\n\t\t\t\t\t\t\t\t\t<p>Ser una empresa l\u00edder en servicios inmobiliarios, referente absoluto de profesionalismo y atenci\u00f3n personalizada.<\/p><p>\u00a0<\/p>\t\t\t\t\t\t\t\t<\/div>\n\t\t\t\t<\/div>\n\t\t\t\t\t<\/div>\n\t\t<\/div>\n\t\t\t\t<div class=\"elementor-column elementor-col-50 elementor-inner-column elementor-element elementor-element-4bfab1c5\" data-id=\"4bfab1c5\" data-element_type=\"column\" data-e-type=\"column\">\n\t\t\t<div class=\"elementor-widget-wrap elementor-element-populated\">\n\t\t\t\t\t\t<div class=\"elementor-element elementor-element-1ecc921e elementor-invisible elementor-widget elementor-widget-heading\" data-id=\"1ecc921e\" data-element_type=\"widget\" data-e-type=\"widget\" data-settings=\"{&quot;_animation&quot;:&quot;fadeIn&quot;,&quot;_animation_delay&quot;:200}\" data-widget_type=\"heading.default\">\n\t\t\t\t<div class=\"elementor-widget-container\">\n\t\t\t\t\t<h3 class=\"elementor-heading-title elementor-size-default\">Valores<\/h3>\t\t\t\t<\/div>\n\t\t\t\t<\/div>\n\t\t\t\t<div class=\"elementor-element elementor-element-79847087 elementor-invisible elementor-widget elementor-widget-text-editor\" data-id=\"79847087\" data-element_type=\"widget\" data-e-type=\"widget\" data-settings=\"{&quot;_animation&quot;:&quot;fadeIn&quot;,&quot;_animation_delay&quot;:200}\" data-widget_type=\"text-editor.default\">\n\t\t\t\t<div class=\"elementor-widget-container\">\n\t\t\t\t\t\t\t\t\t<ul><li>Compromiso<\/li><li>Integridad\u00a0<\/li><li>Profesionalismo<\/li><\/ul>\t\t\t\t\t\t\t\t<\/div>\n\t\t\t\t<\/div>\n\t\t\t\t<div class=\"elementor-element elementor-element-563c1f20 elementor-widget elementor-widget-spacer\" data-id=\"563c1f20\" data-element_type=\"widget\" data-e-type=\"widget\" data-widget_type=\"spacer.default\">\n\t\t\t\t<div class=\"elementor-widget-container\">\n\t\t\t\t\t\t\t<div class=\"elementor-spacer\">\n\t\t\t<div class=\"elementor-spacer-inner\"><\/div>\n\t\t<\/div>\n\t\t\t\t\t\t<\/div>\n\t\t\t\t<\/div>\n\t\t\t\t<div class=\"elementor-element elementor-element-470b4745 elementor-invisible elementor-widget elementor-widget-heading\" data-id=\"470b4745\" data-element_type=\"widget\" data-e-type=\"widget\" data-settings=\"{&quot;_animation&quot;:&quot;fadeIn&quot;,&quot;_animation_delay&quot;:200}\" data-widget_type=\"heading.default\">\n\t\t\t\t<div class=\"elementor-widget-container\">\n\t\t\t\t\t<h3 class=\"elementor-heading-title elementor-size-default\">La empresa<\/h3>\t\t\t\t<\/div>\n\t\t\t\t<\/div>\n\t\t\t\t<div class=\"elementor-element elementor-element-680ba22c elementor-invisible elementor-widget elementor-widget-text-editor\" data-id=\"680ba22c\" data-element_type=\"widget\" data-e-type=\"widget\" data-settings=\"{&quot;_animation&quot;:&quot;fadeIn&quot;,&quot;_animation_delay&quot;:200}\" data-widget_type=\"text-editor.default\">\n\t\t\t\t<div class=\"elementor-widget-container\">\n\t\t\t\t\t\t\t\t\t<p>Nos caracterizamos por ser una empresa seria, cumpliendo con los m\u00e1s altos reg\u00edmenes de calidad en servicio y trato con nuestros clientes. Logrando as\u00ed un posicionamiento de excelencia y compromiso.<br \/>Nuestra estrecha relaci\u00f3n con la C\u00e1mara Inmobiliaria Argentina nos permite estar actualizados con las \u00faltimas novedades del mercado, permiti\u00e9ndonos posicionarnos siempre un paso adelante.<\/p>\t\t\t\t\t\t\t\t<\/div>\n\t\t\t\t<\/div>\n\t\t\t\t\t<\/div>\n\t\t<\/div>\n\t\t\t\t\t<\/div>\n\t\t<\/section>\n\t\t\t\t\t<\/div>\n\t\t<\/div>\n\t\t\t\t\t<\/div>\n\t\t<\/section>\n\t\t\t\t<\/div>\n\t\t","protected":false},"excerpt":{"rendered":"<p>\u00bfQui\u00e9nes somos? Nacemos con la vocaci\u00f3n de aportar valor a nuestros clientes con un servicio personalizado de m\u00e1xima calidad, \u00a0con la finalidad de ayudar en una de las operaciones m\u00e1s importantes en la vida de una persona: la compra o venta de su casa. Nos comprometemos a cuidar el patrimonio de nuestros clientes, a trabajar con profesionalidad, \u00e9tica y transparencia, y a aportar la &#8230;<\/p>\n","protected":false},"author":1,"featured_media":0,"parent":0,"menu_order":0,"comment_status":"closed","ping_status":"closed","template":"","meta":{"inline_featured_image":false,"footnotes":""},"class_list":["post-19113","page","type-page","status-publish","hentry"],"_links":{"self":[{"href":"https:\/\/permutasdf.com\/index.php\/wp-json\/wp\/v2\/pages\/19113","targetHints":{"allow":["GET"]}}],"collection":[{"href":"https:\/\/permutasdf.com\/index.php\/wp-json\/wp\/v2\/pages"}],"about":[{"href":"https:\/\/permutasdf.com\/index.php\/wp-json\/wp\/v2\/types\/page"}],"author":[{"embeddable":true,"href":"https:\/\/permutasdf.com\/index.php\/wp-json\/wp\/v2\/users\/1"}],"replies":[{"embeddable":true,"href":"https:\/\/permutasdf.com\/index.php\/wp-json\/wp\/v2\/comments?post=19113"}],"version-history":[{"count":15,"href":"https:\/\/permutasdf.com\/index.php\/wp-json\/wp\/v2\/pages\/19113\/revisions"}],"predecessor-version":[{"id":19439,"href":"https:\/\/permutasdf.com\/index.php\/wp-json\/wp\/v2\/pages\/19113\/revisions\/19439"}],"wp:attachment":[{"href":"https:\/\/permutasdf.com\/index.php\/wp-json\/wp\/v2\/media?parent=19113"}],"curies":[{"name":"wp","href":"https:\/\/api.w.org\/{rel}","templated":true}]}}