{"id":19270,"date":"2022-12-25T21:58:33","date_gmt":"2022-12-25T21:58:33","guid":{"rendered":"https:\/\/permutasdf.com\/?page_id=19270"},"modified":"2024-05-20T16:04:11","modified_gmt":"2024-05-20T19:04:11","slug":"quiero-permutar","status":"publish","type":"page","link":"https:\/\/permutasdf.com\/index.php\/quiero-permutar\/","title":{"rendered":"\u00a1Quiero Permutar!"},"content":{"rendered":"\t\t<div data-elementor-type=\"wp-page\" data-elementor-id=\"19270\" class=\"elementor elementor-19270\">\n\t\t\t\t\t\t<section class=\"elementor-section elementor-top-section elementor-element elementor-element-5477b46 elementor-section-boxed elementor-section-height-default elementor-section-height-default\" data-id=\"5477b46\" data-element_type=\"section\" data-e-type=\"section\" data-settings=\"{&quot;background_background&quot;:&quot;classic&quot;}\">\n\t\t\t\t\t\t<div class=\"elementor-container elementor-column-gap-default\">\n\t\t\t\t\t<div class=\"elementor-column elementor-col-100 elementor-top-column elementor-element elementor-element-7357f92\" data-id=\"7357f92\" data-element_type=\"column\" data-e-type=\"column\">\n\t\t\t<div class=\"elementor-widget-wrap elementor-element-populated\">\n\t\t\t\t\t\t<div class=\"elementor-element elementor-element-36b7968 elementor-widget elementor-widget-text-editor\" data-id=\"36b7968\" data-element_type=\"widget\" data-e-type=\"widget\" data-widget_type=\"text-editor.default\">\n\t\t\t\t<div class=\"elementor-widget-container\">\n\t\t\t\t\t\t\t\t\t<h1>Buscamos tu propiedad ideal<\/h1>\n<div>&nbsp;<\/div>\n<h3><strong>Complet\u00e1 el formulario para que un asesor te ayude a encontrar tu permuta perfecta.<\/strong><\/h3>\t\t\t\t\t\t\t\t<\/div>\n\t\t\t\t<\/div>\n\t\t\t\t\t<\/div>\n\t\t<\/div>\n\t\t\t\t\t<\/div>\n\t\t<\/section>\n\t\t\t\t<section class=\"elementor-section elementor-top-section elementor-element elementor-element-bd6b53a elementor-section-boxed elementor-section-height-default elementor-section-height-default\" data-id=\"bd6b53a\" data-element_type=\"section\" data-e-type=\"section\">\n\t\t\t\t\t\t<div class=\"elementor-container elementor-column-gap-default\">\n\t\t\t\t\t<div class=\"elementor-column elementor-col-100 elementor-top-column elementor-element elementor-element-53cba4d\" data-id=\"53cba4d\" data-element_type=\"column\" data-e-type=\"column\">\n\t\t\t<div class=\"elementor-widget-wrap elementor-element-populated\">\n\t\t\t\t\t\t<div class=\"elementor-element elementor-element-582de9b elementor-widget elementor-widget-wpforms\" data-id=\"582de9b\" data-element_type=\"widget\" data-e-type=\"widget\" data-widget_type=\"wpforms.default\">\n\t\t\t\t<div class=\"elementor-widget-container\">\n\t\t\t\t\t<div class=\"wpforms-container wpforms-container-full\" id=\"wpforms-19519\"><form id=\"wpforms-form-19519\" class=\"wpforms-validate wpforms-form wpforms-ajax-form\" data-formid=\"19519\" method=\"post\" enctype=\"multipart\/form-data\" action=\"\/index.php\/wp-json\/wp\/v2\/pages\/19270\" data-token=\"d641d92eb3469d1a6935b68a03ec714b\" data-token-time=\"1776690090\"><noscript class=\"wpforms-error-noscript\">Por favor, activa JavaScript en tu navegador para completar este formulario.<\/noscript><div class=\"wpforms-field-container\"><div id=\"wpforms-19519-field_1-container\" class=\"wpforms-field wpforms-field-name\" data-field-id=\"1\"><label class=\"wpforms-field-label wpforms-label-hide\" for=\"wpforms-19519-field_1\">Nombre <span class=\"wpforms-required-label\">*<\/span><\/label><div class=\"wpforms-field-row wpforms-field-medium\"><div class=\"wpforms-field-row-block wpforms-first wpforms-one-half\"><input type=\"text\" id=\"wpforms-19519-field_1\" class=\"wpforms-field-name-first wpforms-field-required\" name=\"wpforms[fields][1][first]\" placeholder=\"Tu nombre\" required><label for=\"wpforms-19519-field_1\" class=\"wpforms-field-sublabel after wpforms-sublabel-hide\">Nombre<\/label><\/div><div class=\"wpforms-field-row-block wpforms-one-half\"><input type=\"text\" id=\"wpforms-19519-field_1-last\" class=\"wpforms-field-name-last wpforms-field-required\" name=\"wpforms[fields][1][last]\" placeholder=\"Tu apellido\" required><label for=\"wpforms-19519-field_1-last\" class=\"wpforms-field-sublabel after wpforms-sublabel-hide\">Apellidos<\/label><\/div><\/div><\/div><div id=\"wpforms-19519-field_3-container\" class=\"wpforms-field wpforms-field-email\" data-field-id=\"3\"><label class=\"wpforms-field-label wpforms-label-hide\" for=\"wpforms-19519-field_3\">Correo electr\u00f3nico <span class=\"wpforms-required-label\">*<\/span><\/label><input type=\"email\" id=\"wpforms-19519-field_3\" class=\"wpforms-field-medium wpforms-field-required\" name=\"wpforms[fields][3]\" placeholder=\"Tu correo electr\u00f3nico\" spellcheck=\"false\" required><\/div><div id=\"wpforms-19519-field_2-container\" class=\"wpforms-field wpforms-field-text\" data-field-id=\"2\"><label class=\"wpforms-field-label wpforms-label-hide\" for=\"wpforms-19519-field_2\">Tel\u00e9fono  <span class=\"wpforms-required-label\">*<\/span><\/label><input type=\"text\" id=\"wpforms-19519-field_2\" class=\"wpforms-field-medium wpforms-field-required\" name=\"wpforms[fields][2]\" placeholder=\"Tu tel\u00e9fono \" required><\/div><div id=\"wpforms-19519-field_4-container\" class=\"wpforms-field wpforms-field-text\" data-field-id=\"4\"><label class=\"wpforms-field-label wpforms-label-hide\" for=\"wpforms-19519-field_4\">Direcci\u00f3n <span class=\"wpforms-required-label\">*<\/span><\/label><input type=\"text\" id=\"wpforms-19519-field_4\" class=\"wpforms-field-medium wpforms-field-required\" name=\"wpforms[fields][4]\" placeholder=\"Tu direcci\u00f3n\" required><\/div><div id=\"wpforms-19519-field_6-container\" class=\"wpforms-field wpforms-field-textarea\" data-field-id=\"6\"><label class=\"wpforms-field-label\" for=\"wpforms-19519-field_6\">\u00bfQu\u00e9 inmueble ten\u00e9s? <span class=\"wpforms-required-label\">*<\/span><\/label><textarea id=\"wpforms-19519-field_6\" class=\"wpforms-field-medium wpforms-field-required\" name=\"wpforms[fields][6]\" placeholder=\"Tengo un departamento de 3 ambientes ubicado en...\" required><\/textarea><\/div><div id=\"wpforms-19519-field_9-container\" class=\"wpforms-field wpforms-field-radio wpforms-list-inline\" data-field-id=\"9\"><label class=\"wpforms-field-label\">\u00bfEn que ubicaci\u00f3n quer\u00e9s tu pr\u00f3xima propiedad?  <span class=\"wpforms-required-label\">*<\/span><\/label><ul id=\"wpforms-19519-field_9\" class=\"wpforms-field-required\"><li class=\"choice-1 depth-1\"><input type=\"radio\" id=\"wpforms-19519-field_9_1\" name=\"wpforms[fields][9]\" value=\"Pinamar \" required ><label class=\"wpforms-field-label-inline\" for=\"wpforms-19519-field_9_1\">Pinamar<\/label><\/li><li class=\"choice-2 depth-1\"><input type=\"radio\" id=\"wpforms-19519-field_9_2\" name=\"wpforms[fields][9]\" value=\"Caril\u00f3\" required ><label class=\"wpforms-field-label-inline\" for=\"wpforms-19519-field_9_2\">Caril\u00f3<\/label><\/li><li class=\"choice-3 depth-1\"><input type=\"radio\" id=\"wpforms-19519-field_9_3\" name=\"wpforms[fields][9]\" value=\"Valeria Del Mar\" required ><label class=\"wpforms-field-label-inline\" for=\"wpforms-19519-field_9_3\">Valeria Del Mar<\/label><\/li><li class=\"choice-4 depth-1\"><input type=\"radio\" id=\"wpforms-19519-field_9_4\" name=\"wpforms[fields][9]\" value=\"Ostende \" required ><label class=\"wpforms-field-label-inline\" for=\"wpforms-19519-field_9_4\">Ostende<\/label><\/li><li class=\"choice-5 depth-1\"><input type=\"radio\" id=\"wpforms-19519-field_9_5\" name=\"wpforms[fields][9]\" value=\"Costa Esmeralda \" required ><label class=\"wpforms-field-label-inline\" for=\"wpforms-19519-field_9_5\">Costa Esmeralda<\/label><\/li><\/ul><\/div><div id=\"wpforms-19519-field_5-container\" class=\"wpforms-field wpforms-field-textarea\" data-field-id=\"5\"><label class=\"wpforms-field-label\" for=\"wpforms-19519-field_5\">\u00bfQu\u00e9 inmueble quer\u00e9s? <span class=\"wpforms-required-label\">*<\/span><\/label><textarea id=\"wpforms-19519-field_5\" class=\"wpforms-field-medium wpforms-field-required\" name=\"wpforms[fields][5]\" placeholder=\"Me interesar\u00eda permutar por una casa de 3 ambientes...\" required><\/textarea><\/div><\/div><!-- .wpforms-field-container --><div class=\"wpforms-submit-container\" ><input type=\"hidden\" name=\"wpforms[id]\" value=\"19519\"><input type=\"hidden\" name=\"page_title\" value=\"\"><input type=\"hidden\" name=\"page_url\" value=\"https:\/\/permutasdf.com\/index.php\/wp-json\/wp\/v2\/pages\/19270\"><input type=\"hidden\" name=\"url_referer\" value=\"\"><button type=\"submit\" name=\"wpforms[submit]\" id=\"wpforms-submit-19519\" class=\"wpforms-submit\" data-alt-text=\"Enviando...\" data-submit-text=\"Enviar\" aria-live=\"assertive\" value=\"wpforms-submit\">Enviar<\/button><img decoding=\"async\" src=\"https:\/\/permutasdf.com\/wp-content\/plugins\/wpforms-lite\/assets\/images\/submit-spin.svg\" class=\"wpforms-submit-spinner\" style=\"display: none;\" width=\"26\" height=\"26\" alt=\"Cargando\"><\/div><\/form><\/div>  <!-- .wpforms-container -->\t\t\t\t<\/div>\n\t\t\t\t<\/div>\n\t\t\t\t\t<\/div>\n\t\t<\/div>\n\t\t\t\t\t<\/div>\n\t\t<\/section>\n\t\t\t\t<\/div>\n\t\t","protected":false},"excerpt":{"rendered":"<p>Buscamos tu propiedad ideal &nbsp; Complet\u00e1 el formulario para que un asesor te ayude a encontrar tu permuta perfecta. Por favor, activa JavaScript en tu navegador para completar este formulario.Nombre *NombreApellidosCorreo electr\u00f3nico *Tel\u00e9fono *Direcci\u00f3n *\u00bfQu\u00e9 inmueble ten\u00e9s? *\u00bfEn que ubicaci\u00f3n quer\u00e9s tu pr\u00f3xima propiedad? * Pinamar Caril\u00f3 Valeria Del Mar Ostende Costa Esmeralda \u00bfQu\u00e9 inmueble quer\u00e9s? * Enviar<\/p>\n","protected":false},"author":1,"featured_media":0,"parent":0,"menu_order":0,"comment_status":"closed","ping_status":"closed","template":"elementor_header_footer","meta":{"inline_featured_image":false,"footnotes":""},"class_list":["post-19270","page","type-page","status-publish","hentry"],"_links":{"self":[{"href":"https:\/\/permutasdf.com\/index.php\/wp-json\/wp\/v2\/pages\/19270","targetHints":{"allow":["GET"]}}],"collection":[{"href":"https:\/\/permutasdf.com\/index.php\/wp-json\/wp\/v2\/pages"}],"about":[{"href":"https:\/\/permutasdf.com\/index.php\/wp-json\/wp\/v2\/types\/page"}],"author":[{"embeddable":true,"href":"https:\/\/permutasdf.com\/index.php\/wp-json\/wp\/v2\/users\/1"}],"replies":[{"embeddable":true,"href":"https:\/\/permutasdf.com\/index.php\/wp-json\/wp\/v2\/comments?post=19270"}],"version-history":[{"count":51,"href":"https:\/\/permutasdf.com\/index.php\/wp-json\/wp\/v2\/pages\/19270\/revisions"}],"predecessor-version":[{"id":20106,"href":"https:\/\/permutasdf.com\/index.php\/wp-json\/wp\/v2\/pages\/19270\/revisions\/20106"}],"wp:attachment":[{"href":"https:\/\/permutasdf.com\/index.php\/wp-json\/wp\/v2\/media?parent=19270"}],"curies":[{"name":"wp","href":"https:\/\/api.w.org\/{rel}","templated":true}]}}