{"id":19527,"date":"2023-01-08T22:25:46","date_gmt":"2023-01-08T22:25:46","guid":{"rendered":"https:\/\/permutasdf.com\/?page_id=19527"},"modified":"2023-01-08T22:37:01","modified_gmt":"2023-01-08T22:37:01","slug":"beneficios-de-permutar","status":"publish","type":"page","link":"https:\/\/permutasdf.com\/index.php\/beneficios-de-permutar\/","title":{"rendered":"Beneficios de permutar"},"content":{"rendered":"\t\t<div data-elementor-type=\"wp-page\" data-elementor-id=\"19527\" class=\"elementor elementor-19527\">\n\t\t\t\t\t\t<section class=\"elementor-section elementor-top-section elementor-element elementor-element-78d12e7 elementor-section-boxed elementor-section-height-default elementor-section-height-default\" data-id=\"78d12e7\" data-element_type=\"section\" data-e-type=\"section\">\n\t\t\t\t\t\t<div class=\"elementor-container elementor-column-gap-default\">\n\t\t\t\t\t<div class=\"elementor-column elementor-col-100 elementor-top-column elementor-element elementor-element-dc4aadc\" data-id=\"dc4aadc\" data-element_type=\"column\" data-e-type=\"column\">\n\t\t\t<div class=\"elementor-widget-wrap elementor-element-populated\">\n\t\t\t\t\t\t<div class=\"elementor-element elementor-element-4125d72 elementor-widget elementor-widget-heading\" data-id=\"4125d72\" data-element_type=\"widget\" data-e-type=\"widget\" data-widget_type=\"heading.default\">\n\t\t\t\t<div class=\"elementor-widget-container\">\n\t\t\t\t\t<h1 class=\"elementor-heading-title elementor-size-default\">\u00bfQu\u00e9 es permutar?<\/h1>\t\t\t\t<\/div>\n\t\t\t\t<\/div>\n\t\t\t\t\t<\/div>\n\t\t<\/div>\n\t\t\t\t\t<\/div>\n\t\t<\/section>\n\t\t\t\t<section class=\"elementor-section elementor-top-section elementor-element elementor-element-ab05ecd elementor-section-boxed elementor-section-height-default elementor-section-height-default\" data-id=\"ab05ecd\" data-element_type=\"section\" data-e-type=\"section\" data-settings=\"{&quot;background_background&quot;:&quot;classic&quot;}\">\n\t\t\t\t\t\t<div class=\"elementor-container elementor-column-gap-default\">\n\t\t\t\t\t<div class=\"elementor-column elementor-col-100 elementor-top-column elementor-element elementor-element-641c3f9\" data-id=\"641c3f9\" data-element_type=\"column\" data-e-type=\"column\">\n\t\t\t<div class=\"elementor-widget-wrap elementor-element-populated\">\n\t\t\t\t\t\t<div class=\"elementor-element elementor-element-355db4e elementor-widget-divider--view-line elementor-widget elementor-widget-divider\" data-id=\"355db4e\" data-element_type=\"widget\" data-e-type=\"widget\" data-widget_type=\"divider.default\">\n\t\t\t\t<div class=\"elementor-widget-container\">\n\t\t\t\t\t\t\t<div class=\"elementor-divider\">\n\t\t\t<span class=\"elementor-divider-separator\">\n\t\t\t\t\t\t<\/span>\n\t\t<\/div>\n\t\t\t\t\t\t<\/div>\n\t\t\t\t<\/div>\n\t\t\t\t\t<\/div>\n\t\t<\/div>\n\t\t\t\t\t<\/div>\n\t\t<\/section>\n\t\t\t\t<section class=\"elementor-section elementor-top-section elementor-element elementor-element-0ef83ac elementor-section-boxed elementor-section-height-default elementor-section-height-default\" data-id=\"0ef83ac\" data-element_type=\"section\" data-e-type=\"section\">\n\t\t\t\t\t\t<div class=\"elementor-container elementor-column-gap-default\">\n\t\t\t\t\t<div class=\"elementor-column elementor-col-100 elementor-top-column elementor-element elementor-element-cad8aec\" data-id=\"cad8aec\" data-element_type=\"column\" data-e-type=\"column\">\n\t\t\t<div class=\"elementor-widget-wrap elementor-element-populated\">\n\t\t\t\t\t\t<div class=\"elementor-element elementor-element-0aa9efb elementor-widget elementor-widget-spacer\" data-id=\"0aa9efb\" data-element_type=\"widget\" data-e-type=\"widget\" data-widget_type=\"spacer.default\">\n\t\t\t\t<div class=\"elementor-widget-container\">\n\t\t\t\t\t\t\t<div class=\"elementor-spacer\">\n\t\t\t<div class=\"elementor-spacer-inner\"><\/div>\n\t\t<\/div>\n\t\t\t\t\t\t<\/div>\n\t\t\t\t<\/div>\n\t\t\t\t<div class=\"elementor-element elementor-element-363171a elementor-widget elementor-widget-text-editor\" data-id=\"363171a\" data-element_type=\"widget\" data-e-type=\"widget\" data-widget_type=\"text-editor.default\">\n\t\t\t\t<div class=\"elementor-widget-container\">\n\t\t\t\t\t\t\t\t\t<p class=\"text-white\">La permuta es un operaci\u00f3n legal, al igual que una compra venta convencional, donde las partes intercambian bienes. En la mayor\u00eda de los casos la permuta no es equivalente, por lo cual las diferencias se abonan con dinero. De esta forma pod\u00e9s comprar una propiedad entregando la tuya, en una sola operaci\u00f3n.<\/p><p>\u00a0<\/p><p class=\"text-white\">La permuta se establece en el Cap\u00edtulo 2 del C\u00f3digo Civil, Art. 1172.<\/p>\t\t\t\t\t\t\t\t<\/div>\n\t\t\t\t<\/div>\n\t\t\t\t\t<\/div>\n\t\t<\/div>\n\t\t\t\t\t<\/div>\n\t\t<\/section>\n\t\t\t\t<section class=\"elementor-section elementor-top-section elementor-element elementor-element-eb667b6 elementor-section-boxed elementor-section-height-default elementor-section-height-default\" data-id=\"eb667b6\" data-element_type=\"section\" data-e-type=\"section\">\n\t\t\t\t\t\t<div class=\"elementor-container elementor-column-gap-default\">\n\t\t\t\t\t<div class=\"elementor-column elementor-col-100 elementor-top-column elementor-element elementor-element-736bab7\" data-id=\"736bab7\" data-element_type=\"column\" data-e-type=\"column\">\n\t\t\t<div class=\"elementor-widget-wrap elementor-element-populated\">\n\t\t\t\t\t\t<div class=\"elementor-element elementor-element-c63791a elementor-widget elementor-widget-spacer\" data-id=\"c63791a\" data-element_type=\"widget\" data-e-type=\"widget\" data-widget_type=\"spacer.default\">\n\t\t\t\t<div class=\"elementor-widget-container\">\n\t\t\t\t\t\t\t<div class=\"elementor-spacer\">\n\t\t\t<div class=\"elementor-spacer-inner\"><\/div>\n\t\t<\/div>\n\t\t\t\t\t\t<\/div>\n\t\t\t\t<\/div>\n\t\t\t\t<div class=\"elementor-element elementor-element-be86589 elementor-widget elementor-widget-heading\" data-id=\"be86589\" data-element_type=\"widget\" data-e-type=\"widget\" data-widget_type=\"heading.default\">\n\t\t\t\t<div class=\"elementor-widget-container\">\n\t\t\t\t\t<h2 class=\"elementor-heading-title elementor-size-default\">Beneficios de permutar<\/h2>\t\t\t\t<\/div>\n\t\t\t\t<\/div>\n\t\t\t\t\t<\/div>\n\t\t<\/div>\n\t\t\t\t\t<\/div>\n\t\t<\/section>\n\t\t\t\t<section class=\"elementor-section elementor-top-section elementor-element elementor-element-3132812 elementor-section-boxed elementor-section-height-default elementor-section-height-default\" data-id=\"3132812\" data-element_type=\"section\" data-e-type=\"section\" data-settings=\"{&quot;background_background&quot;:&quot;classic&quot;}\">\n\t\t\t\t\t\t<div class=\"elementor-container elementor-column-gap-default\">\n\t\t\t\t\t<div class=\"elementor-column elementor-col-100 elementor-top-column elementor-element elementor-element-9054021\" data-id=\"9054021\" data-element_type=\"column\" data-e-type=\"column\">\n\t\t\t<div class=\"elementor-widget-wrap elementor-element-populated\">\n\t\t\t\t\t\t<div class=\"elementor-element elementor-element-260d8b0 elementor-widget-divider--view-line elementor-widget elementor-widget-divider\" data-id=\"260d8b0\" data-element_type=\"widget\" data-e-type=\"widget\" data-widget_type=\"divider.default\">\n\t\t\t\t<div class=\"elementor-widget-container\">\n\t\t\t\t\t\t\t<div class=\"elementor-divider\">\n\t\t\t<span class=\"elementor-divider-separator\">\n\t\t\t\t\t\t<\/span>\n\t\t<\/div>\n\t\t\t\t\t\t<\/div>\n\t\t\t\t<\/div>\n\t\t\t\t<div class=\"elementor-element elementor-element-6770569 elementor-widget elementor-widget-spacer\" data-id=\"6770569\" data-element_type=\"widget\" data-e-type=\"widget\" data-widget_type=\"spacer.default\">\n\t\t\t\t<div class=\"elementor-widget-container\">\n\t\t\t\t\t\t\t<div class=\"elementor-spacer\">\n\t\t\t<div class=\"elementor-spacer-inner\"><\/div>\n\t\t<\/div>\n\t\t\t\t\t\t<\/div>\n\t\t\t\t<\/div>\n\t\t\t\t\t<\/div>\n\t\t<\/div>\n\t\t\t\t\t<\/div>\n\t\t<\/section>\n\t\t\t\t<section class=\"elementor-section elementor-top-section elementor-element elementor-element-f43c6ff elementor-section-boxed elementor-section-height-default elementor-section-height-default\" data-id=\"f43c6ff\" data-element_type=\"section\" data-e-type=\"section\">\n\t\t\t\t\t\t<div class=\"elementor-container elementor-column-gap-default\">\n\t\t\t\t\t<div class=\"elementor-column elementor-col-20 elementor-top-column elementor-element elementor-element-aa18115\" data-id=\"aa18115\" data-element_type=\"column\" data-e-type=\"column\">\n\t\t\t<div class=\"elementor-widget-wrap elementor-element-populated\">\n\t\t\t\t\t\t<div class=\"elementor-element elementor-element-4144e16 elementor-position-top elementor-widget elementor-widget-image-box\" data-id=\"4144e16\" data-element_type=\"widget\" data-e-type=\"widget\" data-widget_type=\"image-box.default\">\n\t\t\t\t<div class=\"elementor-widget-container\">\n\t\t\t\t\t<div class=\"elementor-image-box-wrapper\"><figure class=\"elementor-image-box-img\"><img fetchpriority=\"high\" decoding=\"async\" width=\"500\" height=\"500\" src=\"https:\/\/permutasdf.com\/wp-content\/uploads\/2023\/01\/Diseno-sin-titulo-2.png\" class=\"attachment-large size-large wp-image-19529\" alt=\"\" srcset=\"https:\/\/permutasdf.com\/wp-content\/uploads\/2023\/01\/Diseno-sin-titulo-2.png 500w, https:\/\/permutasdf.com\/wp-content\/uploads\/2023\/01\/Diseno-sin-titulo-2-300x300.png 300w, https:\/\/permutasdf.com\/wp-content\/uploads\/2023\/01\/Diseno-sin-titulo-2-150x150.png 150w, https:\/\/permutasdf.com\/wp-content\/uploads\/2023\/01\/Diseno-sin-titulo-2-120x120.png 120w, https:\/\/permutasdf.com\/wp-content\/uploads\/2023\/01\/Diseno-sin-titulo-2-45x45.png 45w, https:\/\/permutasdf.com\/wp-content\/uploads\/2023\/01\/Diseno-sin-titulo-2-36x36.png 36w\" sizes=\"(max-width: 500px) 100vw, 500px\" \/><\/figure><div class=\"elementor-image-box-content\"><h4 class=\"elementor-image-box-title\">S\u00f3lo una comisi\u00f3n<\/h4><p class=\"elementor-image-box-description\">En el mismo acto pasas de vendedor a comprador y viceversa, necesitando de la intervenci\u00f3n de un martillero matriculado una sola vez.<\/p><\/div><\/div>\t\t\t\t<\/div>\n\t\t\t\t<\/div>\n\t\t\t\t\t<\/div>\n\t\t<\/div>\n\t\t\t\t<div class=\"elementor-column elementor-col-20 elementor-top-column elementor-element elementor-element-25fc74e\" data-id=\"25fc74e\" data-element_type=\"column\" data-e-type=\"column\">\n\t\t\t<div class=\"elementor-widget-wrap elementor-element-populated\">\n\t\t\t\t\t\t<div class=\"elementor-element elementor-element-681ba95 elementor-position-top elementor-widget elementor-widget-image-box\" data-id=\"681ba95\" data-element_type=\"widget\" data-e-type=\"widget\" data-widget_type=\"image-box.default\">\n\t\t\t\t<div class=\"elementor-widget-container\">\n\t\t\t\t\t<div class=\"elementor-image-box-wrapper\"><figure class=\"elementor-image-box-img\"><img decoding=\"async\" width=\"500\" height=\"500\" src=\"https:\/\/permutasdf.com\/wp-content\/uploads\/2023\/01\/Diseno-sin-titulo-4.png\" class=\"attachment-full size-full wp-image-19531\" alt=\"\" srcset=\"https:\/\/permutasdf.com\/wp-content\/uploads\/2023\/01\/Diseno-sin-titulo-4.png 500w, https:\/\/permutasdf.com\/wp-content\/uploads\/2023\/01\/Diseno-sin-titulo-4-300x300.png 300w, https:\/\/permutasdf.com\/wp-content\/uploads\/2023\/01\/Diseno-sin-titulo-4-150x150.png 150w, https:\/\/permutasdf.com\/wp-content\/uploads\/2023\/01\/Diseno-sin-titulo-4-120x120.png 120w, https:\/\/permutasdf.com\/wp-content\/uploads\/2023\/01\/Diseno-sin-titulo-4-45x45.png 45w, https:\/\/permutasdf.com\/wp-content\/uploads\/2023\/01\/Diseno-sin-titulo-4-36x36.png 36w\" sizes=\"(max-width: 500px) 100vw, 500px\" \/><\/figure><div class=\"elementor-image-box-content\"><h4 class=\"elementor-image-box-title\">\u00danica escritura<\/h4><p class=\"elementor-image-box-description\">Al simplificar la Compra - Venta en una sola operaci\u00f3n los honorarios del escribano se abonan una sola vez.<\/p><\/div><\/div>\t\t\t\t<\/div>\n\t\t\t\t<\/div>\n\t\t\t\t\t<\/div>\n\t\t<\/div>\n\t\t\t\t<div class=\"elementor-column elementor-col-20 elementor-top-column elementor-element elementor-element-5936d49\" data-id=\"5936d49\" data-element_type=\"column\" data-e-type=\"column\">\n\t\t\t<div class=\"elementor-widget-wrap elementor-element-populated\">\n\t\t\t\t\t\t<div class=\"elementor-element elementor-element-c78dd98 elementor-position-top elementor-widget elementor-widget-image-box\" data-id=\"c78dd98\" data-element_type=\"widget\" data-e-type=\"widget\" data-widget_type=\"image-box.default\">\n\t\t\t\t<div class=\"elementor-widget-container\">\n\t\t\t\t\t<div class=\"elementor-image-box-wrapper\"><figure class=\"elementor-image-box-img\"><img decoding=\"async\" width=\"500\" height=\"500\" src=\"https:\/\/permutasdf.com\/wp-content\/uploads\/2023\/01\/Diseno-sin-titulo-5.png\" class=\"attachment-full size-full wp-image-19532\" alt=\"\" srcset=\"https:\/\/permutasdf.com\/wp-content\/uploads\/2023\/01\/Diseno-sin-titulo-5.png 500w, https:\/\/permutasdf.com\/wp-content\/uploads\/2023\/01\/Diseno-sin-titulo-5-300x300.png 300w, https:\/\/permutasdf.com\/wp-content\/uploads\/2023\/01\/Diseno-sin-titulo-5-150x150.png 150w, https:\/\/permutasdf.com\/wp-content\/uploads\/2023\/01\/Diseno-sin-titulo-5-120x120.png 120w, https:\/\/permutasdf.com\/wp-content\/uploads\/2023\/01\/Diseno-sin-titulo-5-45x45.png 45w, https:\/\/permutasdf.com\/wp-content\/uploads\/2023\/01\/Diseno-sin-titulo-5-36x36.png 36w\" sizes=\"(max-width: 500px) 100vw, 500px\" \/><\/figure><div class=\"elementor-image-box-content\"><h4 class=\"elementor-image-box-title\">Menos desembolsos<\/h4><p class=\"elementor-image-box-description\">En casos que el intercambio no resulte equiparado, solo se abonan las diferencias que surjan entre el valor de las propiedades.<\/p><\/div><\/div>\t\t\t\t<\/div>\n\t\t\t\t<\/div>\n\t\t\t\t\t<\/div>\n\t\t<\/div>\n\t\t\t\t<div class=\"elementor-column elementor-col-20 elementor-top-column elementor-element elementor-element-55a8e8e\" data-id=\"55a8e8e\" data-element_type=\"column\" data-e-type=\"column\">\n\t\t\t<div class=\"elementor-widget-wrap elementor-element-populated\">\n\t\t\t\t\t\t<div class=\"elementor-element elementor-element-11bfe35 elementor-position-top elementor-widget elementor-widget-image-box\" data-id=\"11bfe35\" data-element_type=\"widget\" data-e-type=\"widget\" data-widget_type=\"image-box.default\">\n\t\t\t\t<div class=\"elementor-widget-container\">\n\t\t\t\t\t<div class=\"elementor-image-box-wrapper\"><figure class=\"elementor-image-box-img\"><img loading=\"lazy\" decoding=\"async\" width=\"500\" height=\"500\" src=\"https:\/\/permutasdf.com\/wp-content\/uploads\/2023\/01\/Diseno-sin-titulo-6.png\" class=\"attachment-full size-full wp-image-19533\" alt=\"\" srcset=\"https:\/\/permutasdf.com\/wp-content\/uploads\/2023\/01\/Diseno-sin-titulo-6.png 500w, https:\/\/permutasdf.com\/wp-content\/uploads\/2023\/01\/Diseno-sin-titulo-6-300x300.png 300w, https:\/\/permutasdf.com\/wp-content\/uploads\/2023\/01\/Diseno-sin-titulo-6-150x150.png 150w, https:\/\/permutasdf.com\/wp-content\/uploads\/2023\/01\/Diseno-sin-titulo-6-120x120.png 120w, https:\/\/permutasdf.com\/wp-content\/uploads\/2023\/01\/Diseno-sin-titulo-6-45x45.png 45w, https:\/\/permutasdf.com\/wp-content\/uploads\/2023\/01\/Diseno-sin-titulo-6-36x36.png 36w\" sizes=\"(max-width: 500px) 100vw, 500px\" \/><\/figure><div class=\"elementor-image-box-content\"><h4 class=\"elementor-image-box-title\">Menos tiempo<\/h4><p class=\"elementor-image-box-description\">No ten\u00e9s que esperar en vender tu inmueble porque al permutarlo por otro lo usas como medio de pago.<\/p><\/div><\/div>\t\t\t\t<\/div>\n\t\t\t\t<\/div>\n\t\t\t\t\t<\/div>\n\t\t<\/div>\n\t\t\t\t<div class=\"elementor-column elementor-col-20 elementor-top-column elementor-element elementor-element-9c2ec19\" data-id=\"9c2ec19\" data-element_type=\"column\" data-e-type=\"column\">\n\t\t\t<div class=\"elementor-widget-wrap elementor-element-populated\">\n\t\t\t\t\t\t<div class=\"elementor-element elementor-element-9ca46f1 elementor-position-top elementor-widget elementor-widget-image-box\" data-id=\"9ca46f1\" data-element_type=\"widget\" data-e-type=\"widget\" data-widget_type=\"image-box.default\">\n\t\t\t\t<div class=\"elementor-widget-container\">\n\t\t\t\t\t<div class=\"elementor-image-box-wrapper\"><figure class=\"elementor-image-box-img\"><img loading=\"lazy\" decoding=\"async\" width=\"500\" height=\"500\" src=\"https:\/\/permutasdf.com\/wp-content\/uploads\/2023\/01\/Diseno-sin-titulo-7.png\" class=\"attachment-full size-full wp-image-19534\" alt=\"\" srcset=\"https:\/\/permutasdf.com\/wp-content\/uploads\/2023\/01\/Diseno-sin-titulo-7.png 500w, https:\/\/permutasdf.com\/wp-content\/uploads\/2023\/01\/Diseno-sin-titulo-7-300x300.png 300w, https:\/\/permutasdf.com\/wp-content\/uploads\/2023\/01\/Diseno-sin-titulo-7-150x150.png 150w, https:\/\/permutasdf.com\/wp-content\/uploads\/2023\/01\/Diseno-sin-titulo-7-120x120.png 120w, https:\/\/permutasdf.com\/wp-content\/uploads\/2023\/01\/Diseno-sin-titulo-7-45x45.png 45w, https:\/\/permutasdf.com\/wp-content\/uploads\/2023\/01\/Diseno-sin-titulo-7-36x36.png 36w\" sizes=\"(max-width: 500px) 100vw, 500px\" \/><\/figure><div class=\"elementor-image-box-content\"><h4 class=\"elementor-image-box-title\">Valor acordado<\/h4><p class=\"elementor-image-box-description\">Al realizar la operaci\u00f3n con intercambio de bienes las partes aceptan las tasaciones de los inmuebles a permutar.<\/p><\/div><\/div>\t\t\t\t<\/div>\n\t\t\t\t<\/div>\n\t\t\t\t\t<\/div>\n\t\t<\/div>\n\t\t\t\t\t<\/div>\n\t\t<\/section>\n\t\t\t\t<section class=\"elementor-section elementor-top-section elementor-element elementor-element-48f65fb elementor-section-boxed elementor-section-height-default elementor-section-height-default\" data-id=\"48f65fb\" data-element_type=\"section\" data-e-type=\"section\">\n\t\t\t\t\t\t<div class=\"elementor-container elementor-column-gap-default\">\n\t\t\t\t\t<div class=\"elementor-column elementor-col-100 elementor-top-column elementor-element elementor-element-73eff02\" data-id=\"73eff02\" data-element_type=\"column\" data-e-type=\"column\">\n\t\t\t<div class=\"elementor-widget-wrap elementor-element-populated\">\n\t\t\t\t\t\t<div class=\"elementor-element elementor-element-f897215 elementor-widget elementor-widget-spacer\" data-id=\"f897215\" data-element_type=\"widget\" data-e-type=\"widget\" data-widget_type=\"spacer.default\">\n\t\t\t\t<div class=\"elementor-widget-container\">\n\t\t\t\t\t\t\t<div class=\"elementor-spacer\">\n\t\t\t<div class=\"elementor-spacer-inner\"><\/div>\n\t\t<\/div>\n\t\t\t\t\t\t<\/div>\n\t\t\t\t<\/div>\n\t\t\t\t<div class=\"elementor-element elementor-element-ff33288 elementor-align-center elementor-widget elementor-widget-button\" data-id=\"ff33288\" data-element_type=\"widget\" data-e-type=\"widget\" data-widget_type=\"button.default\">\n\t\t\t\t<div class=\"elementor-widget-container\">\n\t\t\t\t\t\t\t\t\t<div class=\"elementor-button-wrapper\">\n\t\t\t\t\t<a class=\"elementor-button elementor-button-link elementor-size-sm\" href=\"https:\/\/permutasdf.com\/index.php\/quiero-permutar\/\">\n\t\t\t\t\t\t<span class=\"elementor-button-content-wrapper\">\n\t\t\t\t\t\t\t\t\t<span class=\"elementor-button-text\">Cont\u00e1ctanos<\/span>\n\t\t\t\t\t<\/span>\n\t\t\t\t\t<\/a>\n\t\t\t\t<\/div>\n\t\t\t\t\t\t\t\t<\/div>\n\t\t\t\t<\/div>\n\t\t\t\t<div class=\"elementor-element elementor-element-f9b38b8 elementor-widget elementor-widget-spacer\" data-id=\"f9b38b8\" data-element_type=\"widget\" data-e-type=\"widget\" data-widget_type=\"spacer.default\">\n\t\t\t\t<div class=\"elementor-widget-container\">\n\t\t\t\t\t\t\t<div class=\"elementor-spacer\">\n\t\t\t<div class=\"elementor-spacer-inner\"><\/div>\n\t\t<\/div>\n\t\t\t\t\t\t<\/div>\n\t\t\t\t<\/div>\n\t\t\t\t\t<\/div>\n\t\t<\/div>\n\t\t\t\t\t<\/div>\n\t\t<\/section>\n\t\t\t\t<\/div>\n\t\t","protected":false},"excerpt":{"rendered":"<p>\u00bfQu\u00e9 es permutar? La permuta es un operaci\u00f3n legal, al igual que una compra venta convencional, donde las partes intercambian bienes. En la mayor\u00eda de los casos la permuta no es equivalente, por lo cual las diferencias se abonan con dinero. De esta forma pod\u00e9s comprar una propiedad entregando la tuya, en una sola operaci\u00f3n. \u00a0 La permuta se establece en el Cap\u00edtulo 2 &#8230;<\/p>\n","protected":false},"author":1,"featured_media":0,"parent":0,"menu_order":0,"comment_status":"closed","ping_status":"closed","template":"elementor_header_footer","meta":{"inline_featured_image":false,"footnotes":""},"class_list":["post-19527","page","type-page","status-publish","hentry"],"_links":{"self":[{"href":"https:\/\/permutasdf.com\/index.php\/wp-json\/wp\/v2\/pages\/19527","targetHints":{"allow":["GET"]}}],"collection":[{"href":"https:\/\/permutasdf.com\/index.php\/wp-json\/wp\/v2\/pages"}],"about":[{"href":"https:\/\/permutasdf.com\/index.php\/wp-json\/wp\/v2\/types\/page"}],"author":[{"embeddable":true,"href":"https:\/\/permutasdf.com\/index.php\/wp-json\/wp\/v2\/users\/1"}],"replies":[{"embeddable":true,"href":"https:\/\/permutasdf.com\/index.php\/wp-json\/wp\/v2\/comments?post=19527"}],"version-history":[{"count":7,"href":"https:\/\/permutasdf.com\/index.php\/wp-json\/wp\/v2\/pages\/19527\/revisions"}],"predecessor-version":[{"id":19543,"href":"https:\/\/permutasdf.com\/index.php\/wp-json\/wp\/v2\/pages\/19527\/revisions\/19543"}],"wp:attachment":[{"href":"https:\/\/permutasdf.com\/index.php\/wp-json\/wp\/v2\/media?parent=19527"}],"curies":[{"name":"wp","href":"https:\/\/api.w.org\/{rel}","templated":true}]}}